{"id":677,"date":"2025-04-29T12:26:01","date_gmt":"2025-04-29T10:26:01","guid":{"rendered":"https:\/\/banares.eu\/avis-juridique\/"},"modified":"2025-05-02T10:28:11","modified_gmt":"2025-05-02T08:28:11","slug":"avis-juridique","status":"publish","type":"page","link":"https:\/\/banares.eu\/fr\/avis-juridique\/","title":{"rendered":"Avis juridique"},"content":{"rendered":"<p>[et_pb_section fb_built=\u00a0\u00bb1&Prime; _builder_version=\u00a0\u00bb4.27.4&Prime; _module_preset=\u00a0\u00bbdefault\u00a0\u00bb background_image=\u00a0\u00bbhttps:\/\/banares.eu\/wp-content\/uploads\/2025\/04\/estate-planning-07.png\u00a0\u00bb parallax=\u00a0\u00bbon\u00a0\u00bb parallax_method=\u00a0\u00bboff\u00a0\u00bb da_disable_devices=\u00a0\u00bboff|off|off\u00a0\u00bb global_colors_info=\u00a0\u00bb{}\u00a0\u00bb da_is_popup=\u00a0\u00bboff\u00a0\u00bb da_exit_intent=\u00a0\u00bboff\u00a0\u00bb da_has_close=\u00a0\u00bbon\u00a0\u00bb da_alt_close=\u00a0\u00bboff\u00a0\u00bb da_dark_close=\u00a0\u00bboff\u00a0\u00bb da_not_modal=\u00a0\u00bbon\u00a0\u00bb da_is_singular=\u00a0\u00bboff\u00a0\u00bb da_with_loader=\u00a0\u00bboff\u00a0\u00bb da_has_shadow=\u00a0\u00bbon\u00a0\u00bb][et_pb_row _builder_version=\u00a0\u00bb4.27.4&Prime; _module_preset=\u00a0\u00bbdefault\u00a0\u00bb custom_margin=\u00a0\u00bb100px||||false|false\u00a0\u00bb custom_padding=\u00a0\u00bb0px||||false|false\u00a0\u00bb global_colors_info=\u00a0\u00bb{}\u00a0\u00bb][et_pb_column type=\u00a0\u00bb4_4&Prime; _builder_version=\u00a0\u00bb4.27.4&Prime; _module_preset=\u00a0\u00bbdefault\u00a0\u00bb global_colors_info=\u00a0\u00bb{}\u00a0\u00bb][et_pb_text _builder_version=\u00a0\u00bb4.27.4&Prime; _module_preset=\u00a0\u00bbb3e3ff14-5f5c-4608-8ecf-1885ce3da7aa\u00a0\u00bb header_font=\u00a0\u00bbDM Serif Display||||||||\u00a0\u00bb header_text_color=\u00a0\u00bb#000000&Prime; header_font_size=\u00a0\u00bb50px\u00a0\u00bb header_line_height=\u00a0\u00bb1.1em\u00a0\u00bb max_width=\u00a0\u00bb900px\u00a0\u00bb custom_margin=\u00a0\u00bb0px||20px||false|false\u00a0\u00bb header_font_size_tablet=\u00a0\u00bb40px\u00a0\u00bb header_font_size_phone=\u00a0\u00bb24px\u00a0\u00bb header_font_size_last_edited=\u00a0\u00bbon|desktop\u00a0\u00bb locked=\u00a0\u00bboff\u00a0\u00bb global_colors_info=\u00a0\u00bb{}\u00a0\u00bb]<\/p>\n<h1 style=\"text-align: left;\">Avis juridique<\/h1>\n<p>[\/et_pb_text][et_pb_text _builder_version=\u00a0\u00bb4.27.4&Prime; _module_preset=\u00a0\u00bbdefault\u00a0\u00bb hover_enabled=\u00a0\u00bb0&Prime; global_colors_info=\u00a0\u00bb{}\u00a0\u00bb sticky_enabled=\u00a0\u00bb0&Prime;]<\/p>\n<h3 data-start=\"246\" data-end=\"276\" class=\"\">1. les donn\u00e9es d&rsquo;identification<\/h3>\n<p data-start=\"278\" data-end=\"540\" class=\"\">Conform\u00e9ment \u00e0 l&rsquo;obligation d&rsquo;information pr\u00e9vue par l&rsquo;article 10 de la loi 34\/2002, du 11 juillet, sur les <strong data-start=\"387\" data-end=\"460\">services de la soci\u00e9t\u00e9 de l&rsquo;information et le commerce \u00e9lectronique<\/strong>, vous trouverez ci-dessous les donn\u00e9es d&rsquo;identification du propri\u00e9taire du site web :<\/p>\n<ul data-start=\"542\" data-end=\"809\">\n<li data-start=\"542\" data-end=\"575\" class=\"\">\n<p data-start=\"544\" data-end=\"575\" class=\"\"><strong data-start=\"544\" data-end=\"556\">Propri\u00e9taire :<\/strong> Ba\u00f1ares Abogados<\/p>\n<\/li>\n<li data-start=\"652\" data-end=\"718\" class=\"\">\n<p data-start=\"654\" data-end=\"718\" class=\"\"><strong data-start=\"654\" data-end=\"689\">Adresse \u00e9lectronique de contact :<\/strong> <span> <\/span><a href=\"mailto:victor@banares.eu\">victor@banares.eu<\/a><\/p>\n<\/li>\n<li data-start=\"719\" data-end=\"760\" class=\"\">\n<p data-start=\"721\" data-end=\"760\" class=\"\"><strong data-start=\"721\" data-end=\"746\">Num\u00e9ro de t\u00e9l\u00e9phone de contact :<\/strong> 664 290 662<\/p>\n<\/li>\n<li data-start=\"761\" data-end=\"809\" class=\"\">\n<p data-start=\"763\" data-end=\"809\" class=\"\"><strong data-start=\"763\" data-end=\"789\">Activit\u00e9 professionnelle :<\/strong> Services juridiques<\/p>\n<\/li>\n<\/ul>\n<h3 data-start=\"811\" data-end=\"826\" class=\"\">2. Utilisateurs<\/h3>\n<p data-start=\"828\" data-end=\"978\" class=\"\">L&rsquo;acc\u00e8s et\/ou l&rsquo;utilisation de ce portail attribue la condition d&rsquo;<strong data-start=\"886\" data-end=\"897\">utilisateur<\/strong>, qui accepte, \u00e0 partir de cet acc\u00e8s et\/ou de cette utilisation, les conditions d&rsquo;utilisation refl\u00e9t\u00e9es ici.<\/p>\n<h3 data-start=\"980\" data-end=\"1004\" class=\"\">3. Utilisation du site web<\/h3>\n<p data-start=\"1006\" data-end=\"1240\" class=\"\">Le site Web permet d&rsquo;acc\u00e9der \u00e0 l&rsquo;information et aux services juridiques fournis par <strong data-start=\"1093\" data-end=\"1113\">Ba\u00f1ares Abogados<\/strong>. L&rsquo;utilisateur assume la responsabilit\u00e9 de l&rsquo;utilisation du portail et s&rsquo;engage \u00e0 faire un usage appropri\u00e9 des contenus et des services. <\/p>\n<h3 data-start=\"1242\" data-end=\"1283\" class=\"\">4. Propri\u00e9t\u00e9 intellectuelle et industrielle<\/h3>\n<p data-start=\"1285\" data-end=\"1551\" class=\"\">Tous les contenus du site web (textes, images, logos, structure, design, etc.) sont la propri\u00e9t\u00e9 de <strong data-start=\"1389\" data-end=\"1409\">Ba\u00f1ares Abogados<\/strong> ou, le cas \u00e9ch\u00e9ant, de tiers titulaires d&rsquo;une licence ou d&rsquo;une autorisation expresse, et sont prot\u00e9g\u00e9s par la r\u00e9glementation en mati\u00e8re de propri\u00e9t\u00e9 intellectuelle et industrielle.<\/p>\n<p data-start=\"1553\" data-end=\"1712\" class=\"\">Toute reproduction, distribution ou modification, en tout ou en partie, sans l&rsquo;autorisation \u00e9crite pr\u00e9alable du propri\u00e9taire du site est express\u00e9ment interdite.<\/p>\n<h3 data-start=\"1714\" data-end=\"1761\" class=\"\">5. Exclusion des garanties et de la responsabilit\u00e9<\/h3>\n<p data-start=\"1763\" data-end=\"2104\" class=\"\"><strong data-start=\"1763\" data-end=\"1783\">Ba\u00f1ares Abogados<\/strong> n&rsquo;est en aucun cas responsable des dommages de toute nature pouvant \u00eatre caus\u00e9s par : des erreurs ou des omissions dans les contenus, le manque de disponibilit\u00e9 du portail ou la transmission de virus ou de programmes malveillants, bien qu&rsquo;ayant adopt\u00e9 toutes les mesures technologiques n\u00e9cessaires pour l&rsquo;\u00e9viter.<\/p>\n<h3 data-start=\"2106\" data-end=\"2120\" class=\"\">6. Liens<\/h3>\n<p data-start=\"2122\" data-end=\"2431\" class=\"\">Dans le cas o\u00f9 <a data-start=\"2140\" data-end=\"2157\" rel=\"noopener\" target=\"_blank\" href=\"https:\/\/banares.eu\/fr\/\">banares.eu<\/a> contiendrait des liens ou des hyperliens vers d&rsquo;autres sites Internet, <strong data-start=\"2229\" data-end=\"2249\">Ba\u00f1ares Abogados<\/strong> n&rsquo;exercera aucun type de contr\u00f4le sur ces sites et leur contenu. En aucun cas, Ba\u00f1ares Abogados n&rsquo;assumera la responsabilit\u00e9 du contenu des liens appartenant \u00e0 un site web externe. <\/p>\n<h3 data-start=\"2433\" data-end=\"2454\" class=\"\">7. Modifications<\/h3>\n<p data-start=\"2456\" data-end=\"2700\" class=\"\"><strong data-start=\"2456\" data-end=\"2476\">Ba\u00f1ares Abogados<\/strong> se r\u00e9serve le droit d&rsquo;apporter toutes les modifications qu&rsquo;il jugera opportunes \u00e0 son site web sans avis pr\u00e9alable, pouvant changer, supprimer ou ajouter aussi bien les contenus que les services fournis \u00e0 travers celui-ci.<\/p>\n<h3 data-start=\"2702\" data-end=\"2745\" class=\"\">8. Droit applicable et juridiction<\/h3>\n<p data-start=\"2747\" data-end=\"3085\" class=\"\">La relation entre <strong data-start=\"2765\" data-end=\"2785\">Ba\u00f1ares Abogados<\/strong> et l&rsquo;utilisateur est r\u00e9gie par la l\u00e9gislation espagnole en vigueur. Pour tout litige pouvant d\u00e9couler de l&rsquo;acc\u00e8s ou de l&rsquo;utilisation du site web, les parties se soumettent aux Cours et Tribunaux de la ville correspondant \u00e0 l&rsquo;adresse du prestataire de services, sauf disposition l\u00e9gale contraire. <\/p>\n<p>[\/et_pb_text][\/et_pb_column][\/et_pb_row][\/et_pb_section]<\/p>\n","protected":false},"excerpt":{"rendered":"<p>Avis juridique1. les donn\u00e9es d&rsquo;identification Conform\u00e9ment \u00e0 l&rsquo;obligation d&rsquo;information pr\u00e9vue par l&rsquo;article 10 de la loi 34\/2002, du 11 juillet, sur les services de la soci\u00e9t\u00e9 de l&rsquo;information et le commerce \u00e9lectronique, vous trouverez ci-dessous les donn\u00e9es d&rsquo;identification du propri\u00e9taire du site web : Propri\u00e9taire : Ba\u00f1ares Abogados Adresse \u00e9lectronique de contact : victor@banares.eu Num\u00e9ro [&hellip;]<\/p>\n","protected":false},"author":1,"featured_media":0,"parent":0,"menu_order":0,"comment_status":"closed","ping_status":"closed","template":"","meta":{"_et_pb_use_builder":"on","_et_pb_old_content":"","_et_gb_content_width":"","_joinchat":[],"footnotes":""},"class_list":["post-677","page","type-page","status-publish","hentry"],"_links":{"self":[{"href":"https:\/\/banares.eu\/fr\/wp-json\/wp\/v2\/pages\/677","targetHints":{"allow":["GET"]}}],"collection":[{"href":"https:\/\/banares.eu\/fr\/wp-json\/wp\/v2\/pages"}],"about":[{"href":"https:\/\/banares.eu\/fr\/wp-json\/wp\/v2\/types\/page"}],"author":[{"embeddable":true,"href":"https:\/\/banares.eu\/fr\/wp-json\/wp\/v2\/users\/1"}],"replies":[{"embeddable":true,"href":"https:\/\/banares.eu\/fr\/wp-json\/wp\/v2\/comments?post=677"}],"version-history":[{"count":2,"href":"https:\/\/banares.eu\/fr\/wp-json\/wp\/v2\/pages\/677\/revisions"}],"predecessor-version":[{"id":679,"href":"https:\/\/banares.eu\/fr\/wp-json\/wp\/v2\/pages\/677\/revisions\/679"}],"wp:attachment":[{"href":"https:\/\/banares.eu\/fr\/wp-json\/wp\/v2\/media?parent=677"}],"curies":[{"name":"wp","href":"https:\/\/api.w.org\/{rel}","templated":true}]}}