{"id":683,"date":"2025-04-29T12:55:44","date_gmt":"2025-04-29T10:55:44","guid":{"rendered":"https:\/\/banares.eu\/politique-de-confidentialite\/"},"modified":"2025-05-02T10:28:51","modified_gmt":"2025-05-02T08:28:51","slug":"politique-de-confidentialite","status":"publish","type":"page","link":"https:\/\/banares.eu\/fr\/politique-de-confidentialite\/","title":{"rendered":"Politique de confidentialit\u00e9"},"content":{"rendered":"<p>[et_pb_section fb_built=\u00a0\u00bb1&Prime; _builder_version=\u00a0\u00bb4.27.4&Prime; _module_preset=\u00a0\u00bbdefault\u00a0\u00bb background_image=\u00a0\u00bbhttps:\/\/banares.eu\/wp-content\/uploads\/2025\/04\/estate-planning-07.png\u00a0\u00bb parallax=\u00a0\u00bbon\u00a0\u00bb parallax_method=\u00a0\u00bboff\u00a0\u00bb da_disable_devices=\u00a0\u00bboff|off|off\u00a0\u00bb global_colors_info=\u00a0\u00bb{}\u00a0\u00bb da_is_popup=\u00a0\u00bboff\u00a0\u00bb da_exit_intent=\u00a0\u00bboff\u00a0\u00bb da_has_close=\u00a0\u00bbon\u00a0\u00bb da_alt_close=\u00a0\u00bboff\u00a0\u00bb da_dark_close=\u00a0\u00bboff\u00a0\u00bb da_not_modal=\u00a0\u00bbon\u00a0\u00bb da_is_singular=\u00a0\u00bboff\u00a0\u00bb da_with_loader=\u00a0\u00bboff\u00a0\u00bb da_has_shadow=\u00a0\u00bbon\u00a0\u00bb][et_pb_row _builder_version=\u00a0\u00bb4.27.4&Prime; _module_preset=\u00a0\u00bbdefault\u00a0\u00bb custom_margin=\u00a0\u00bb100px||||false|false\u00a0\u00bb custom_padding=\u00a0\u00bb0px||||false|false\u00a0\u00bb global_colors_info=\u00a0\u00bb{}\u00a0\u00bb][et_pb_column type=\u00a0\u00bb4_4&Prime; _builder_version=\u00a0\u00bb4.27.4&Prime; _module_preset=\u00a0\u00bbdefault\u00a0\u00bb global_colors_info=\u00a0\u00bb{}\u00a0\u00bb][et_pb_text _builder_version=\u00a0\u00bb4.27.4&Prime; _module_preset=\u00a0\u00bbb3e3ff14-5f5c-4608-8ecf-1885ce3da7aa\u00a0\u00bb header_font=\u00a0\u00bbDM Serif Display||||||||\u00a0\u00bb header_text_color=\u00a0\u00bb#000000&Prime; header_font_size=\u00a0\u00bb50px\u00a0\u00bb header_line_height=\u00a0\u00bb1.1em\u00a0\u00bb max_width=\u00a0\u00bb900px\u00a0\u00bb custom_margin=\u00a0\u00bb0px||20px||false|false\u00a0\u00bb header_font_size_tablet=\u00a0\u00bb40px\u00a0\u00bb header_font_size_phone=\u00a0\u00bb24px\u00a0\u00bb header_font_size_last_edited=\u00a0\u00bbon|desktop\u00a0\u00bb locked=\u00a0\u00bboff\u00a0\u00bb global_colors_info=\u00a0\u00bb{}\u00a0\u00bb]<\/p>\n<h1 style=\"text-align: left;\">Politique de confidentialit\u00e9<\/h1>\n<p>[\/et_pb_text][et_pb_text _builder_version=\u00a0\u00bb4.27.4&Prime; _module_preset=\u00a0\u00bbdefault\u00a0\u00bb hover_enabled=\u00a0\u00bb0&Prime; global_colors_info=\u00a0\u00bb{}\u00a0\u00bb sticky_enabled=\u00a0\u00bb0&Prime;]<\/p>\n<h3 data-start=\"129\" data-end=\"163\" class=\"\">1. le contr\u00f4leur des donn\u00e9es<\/h3>\n<p data-start=\"165\" data-end=\"470\" class=\"\">Conform\u00e9ment aux dispositions du r\u00e8glement (UE) 2016\/679 (RGPD) et de la loi organique 3\/2018 (LOPDGDD), nous vous informons que les donn\u00e9es personnelles qui peuvent \u00eatre collect\u00e9es directement aupr\u00e8s de l&rsquo;utilisateur seront trait\u00e9es de mani\u00e8re confidentielle et seront int\u00e9gr\u00e9es \u00e0 l&rsquo;activit\u00e9 de traitement correspondante d\u00e9tenue par :<\/p>\n<ul data-start=\"472\" data-end=\"604\">\n<li data-start=\"472\" data-end=\"509\" class=\"\">\n<p data-start=\"474\" data-end=\"509\" class=\"\"><strong data-start=\"474\" data-end=\"490\">Responsable :<\/strong> Ba\u00f1ares Abogados<\/p>\n<\/li>\n<li data-start=\"510\" data-end=\"576\" class=\"\">\n<p data-start=\"512\" data-end=\"576\" class=\"\"><strong data-start=\"512\" data-end=\"547\">Adresse \u00e9lectronique de contact :<\/strong> <span> <\/span><a href=\"mailto:victor@banares.eu\">victor@banares.eu<\/a><\/p>\n<\/li>\n<li data-start=\"577\" data-end=\"604\" class=\"\">\n<p data-start=\"579\" data-end=\"604\" class=\"\"><strong data-start=\"579\" data-end=\"592\">T\u00e9l\u00e9phone :<\/strong> 664 290 662<\/p>\n<\/li>\n<\/ul>\n<h3 data-start=\"606\" data-end=\"638\" class=\"\">2. la finalit\u00e9 du traitement<\/h3>\n<p data-start=\"640\" data-end=\"767\" class=\"\">Les donn\u00e9es fournies par les utilisateurs par le biais des formulaires du site web seront trait\u00e9es aux fins suivantes :<\/p>\n<ul data-start=\"769\" data-end=\"949\">\n<li data-start=\"769\" data-end=\"833\" class=\"\">\n<p data-start=\"771\" data-end=\"833\" class=\"\">Traiter les questions ou les demandes formul\u00e9es par les utilisateurs.<\/p>\n<\/li>\n<li data-start=\"834\" data-end=\"902\" class=\"\">\n<p data-start=\"836\" data-end=\"902\" class=\"\">Pour g\u00e9rer la relation professionnelle, contractuelle ou pr\u00e9contractuelle.<\/p>\n<\/li>\n<li data-start=\"903\" data-end=\"949\" class=\"\">\n<p data-start=\"905\" data-end=\"949\" class=\"\">Respecter les obligations l\u00e9gales applicables.<\/p>\n<\/li>\n<\/ul>\n<p data-start=\"951\" data-end=\"1045\" class=\"\">Les donn\u00e9es ne seront pas utilis\u00e9es \u00e0 des fins publicitaires sans le consentement expr\u00e8s de la personne concern\u00e9e.<\/p>\n<h3 data-start=\"1047\" data-end=\"1066\" class=\"\">3. L\u00e9gitimation<\/h3>\n<p data-start=\"1068\" data-end=\"1269\" class=\"\">La base juridique du traitement de vos donn\u00e9es est le consentement de la personne concern\u00e9e, l&rsquo;ex\u00e9cution d&rsquo;un contrat ou la mise en \u0153uvre de mesures pr\u00e9contractuelles, et\/ou le respect d&rsquo;obligations l\u00e9gales.<\/p>\n<h3 data-start=\"1271\" data-end=\"1303\" class=\"\">4. Conservation des donn\u00e9es<\/h3>\n<p data-start=\"1305\" data-end=\"1572\" class=\"\">Les donn\u00e9es personnelles fournies seront conserv\u00e9es pendant la dur\u00e9e n\u00e9cessaire \u00e0 la r\u00e9alisation de l&rsquo;objectif pour lequel elles ont \u00e9t\u00e9 collect\u00e9es et pour d\u00e9terminer les \u00e9ventuelles responsabilit\u00e9s qui pourraient en d\u00e9couler, en plus des p\u00e9riodes \u00e9tablies par la l\u00e9gislation en vigueur.<\/p>\n<h3 data-start=\"1574\" data-end=\"1602\" class=\"\">5. Communication de donn\u00e9es<\/h3>\n<p data-start=\"1604\" data-end=\"1800\" class=\"\">Aucune donn\u00e9e ne sera transf\u00e9r\u00e9e \u00e0 des tiers, sauf en cas d&rsquo;obligation l\u00e9gale ou de n\u00e9cessit\u00e9 pour la fourniture du service (par exemple, des collaborateurs professionnels, toujours dans le cadre d&rsquo;un contrat de confidentialit\u00e9).<\/p>\n<h3 data-start=\"1802\" data-end=\"1833\" class=\"\">6. Droits de l&rsquo;utilisateur<\/h3>\n<p data-start=\"1835\" data-end=\"2044\" class=\"\">Vous pouvez exercer vos droits d&rsquo;acc\u00e8s, de rectification, d&rsquo;effacement, de limitation du traitement, d&rsquo;opposition et de portabilit\u00e9 en envoyant une demande \u00e9crite accompagn\u00e9e d&rsquo;une copie de votre carte d&rsquo;identit\u00e9 ou d&rsquo;un document \u00e9quivalent \u00e0 l&rsquo;adresse suivante<\/p>\n<ul data-start=\"2046\" data-end=\"2098\">\n<li data-start=\"2046\" data-end=\"2098\" class=\"\">\n<p data-start=\"2048\" data-end=\"2098\" class=\"\"><strong data-start=\"2048\" data-end=\"2071\">E-mail :<\/strong> <span> <\/span><a href=\"mailto:victor@banares.eu\">victor@banares.eu<\/a><\/p>\n<\/li>\n<\/ul>\n<p data-start=\"2100\" data-end=\"2267\" class=\"\">Vous avez \u00e9galement le droit de d\u00e9poser une plainte aupr\u00e8s de l&rsquo;<strong data-start=\"2159\" data-end=\"2202\">Agence espagnole de protection des donn\u00e9es<\/strong> si vous estimez que vos droits n&rsquo;ont pas \u00e9t\u00e9 correctement pris en compte.<\/p>\n<p>[\/et_pb_text][\/et_pb_column][\/et_pb_row][\/et_pb_section]<\/p>\n","protected":false},"excerpt":{"rendered":"<p>Politique de confidentialit\u00e91. le contr\u00f4leur des donn\u00e9es Conform\u00e9ment aux dispositions du r\u00e8glement (UE) 2016\/679 (RGPD) et de la loi organique 3\/2018 (LOPDGDD), nous vous informons que les donn\u00e9es personnelles qui peuvent \u00eatre collect\u00e9es directement aupr\u00e8s de l&rsquo;utilisateur seront trait\u00e9es de mani\u00e8re confidentielle et seront int\u00e9gr\u00e9es \u00e0 l&rsquo;activit\u00e9 de traitement correspondante d\u00e9tenue par : Responsable : [&hellip;]<\/p>\n","protected":false},"author":1,"featured_media":0,"parent":0,"menu_order":0,"comment_status":"closed","ping_status":"closed","template":"","meta":{"_et_pb_use_builder":"on","_et_pb_old_content":"","_et_gb_content_width":"","_joinchat":[],"footnotes":""},"class_list":["post-683","page","type-page","status-publish","hentry"],"_links":{"self":[{"href":"https:\/\/banares.eu\/fr\/wp-json\/wp\/v2\/pages\/683","targetHints":{"allow":["GET"]}}],"collection":[{"href":"https:\/\/banares.eu\/fr\/wp-json\/wp\/v2\/pages"}],"about":[{"href":"https:\/\/banares.eu\/fr\/wp-json\/wp\/v2\/types\/page"}],"author":[{"embeddable":true,"href":"https:\/\/banares.eu\/fr\/wp-json\/wp\/v2\/users\/1"}],"replies":[{"embeddable":true,"href":"https:\/\/banares.eu\/fr\/wp-json\/wp\/v2\/comments?post=683"}],"version-history":[{"count":2,"href":"https:\/\/banares.eu\/fr\/wp-json\/wp\/v2\/pages\/683\/revisions"}],"predecessor-version":[{"id":685,"href":"https:\/\/banares.eu\/fr\/wp-json\/wp\/v2\/pages\/683\/revisions\/685"}],"wp:attachment":[{"href":"https:\/\/banares.eu\/fr\/wp-json\/wp\/v2\/media?parent=683"}],"curies":[{"name":"wp","href":"https:\/\/api.w.org\/{rel}","templated":true}]}}